{"id":203,"date":"2011-09-14T09:45:02","date_gmt":"2011-09-14T09:45:02","guid":{"rendered":"http:\/\/192.168.9.29\/Development\/TB\/?page_id=203"},"modified":"2017-02-23T10:48:56","modified_gmt":"2017-02-23T08:48:56","slug":"home","status":"publish","type":"page","link":"https:\/\/joutsiniemi.fi\/en\/","title":{"rendered":"Home"},"content":{"rendered":"<img loading=\"lazy\" decoding=\"async\" class=\"alignnone size-full wp-image-2050\" src=\"https:\/\/joutsiniemi.fi\/wp-content\/uploads\/2011\/07\/sukukuva.jpg\" alt=\"Sukukuva\" width=\"2000\" height=\"1173\" srcset=\"https:\/\/joutsiniemi.fi\/wp-content\/uploads\/2011\/07\/sukukuva.jpg 2000w, https:\/\/joutsiniemi.fi\/wp-content\/uploads\/2011\/07\/sukukuva-300x175.jpg 300w, https:\/\/joutsiniemi.fi\/wp-content\/uploads\/2011\/07\/sukukuva-1024x600.jpg 1024w\" sizes=\"auto, (max-width: 2000px) 100vw, 2000px\" \/><\/p>\n<div class=\"spacer\"><\/div><!-- .spacer (end) -->\n<div class=\"row \">\n<div class=\"span5 \"><h2>WELLCOME<\/h2>\n<p>The objectives of the family website are collecting and maintaining information related to the family and relatives as well as support relations and communication between family members.<\/p>\n<p>In principle the site is\u00a0addressed to use of the Jousiniemi family\u00a0members. Information stored on the pages must be handled carefully and responsible.\u00a0Personal information stored on the pages is forbidden to use\u00a0 for any other purposes without permission of the particular person.<\/p>\n<p>Also user identification codes and passwords must be handled carefully and responsible.<\/p>\n<p>Additional information of the site is available on <a title=\"Sivustosta\" href=\"https:\/\/joutsiniemi.fi\/sivustosta\/\">About this site <\/a>pages and user guidance from <a title=\"Ohjeet\" href=\"https:\/\/joutsiniemi.fi\/ohjeet\/\">Instructions<\/a> pages.<\/p>\n<div class=\"spacer\"><\/div><!-- .spacer (end) --><\/div>\n<div class=\"span7 \"><h2>NEWS<\/h2>\n<ul class=\"recent-posts news unstyled\"><li class=\"recent-posts_li post-5972 post type-post status-publish format-standard hentry category-uutiset cat-33-id  list-item-0 clearfix\"><h5><a href=\"https:\/\/joutsiniemi.fi\/en\/vuonna-2023-kertyneet-sivuston-kayttomaksut\/\" title=\"(suomi) Vuonna 2023 kertyneet sivuston k\u00e4ytt\u00f6maksut\">(suomi) Vuonna 2023 kertyneet sivuston k\u00e4ytt\u00f6maksut<\/a><\/h5><span class=\"meta\"><span class=\"post-date\">Wednesday June  5th, 2024<\/span><span class=\"post-comments\"><a href=\"https:\/\/joutsiniemi.fi\/en\/vuonna-2023-kertyneet-sivuston-kayttomaksut\/#comments\">16<\/a><\/span><\/span><div class=\"excerpt\">Sorry, this entry is only available in suomi.<\/div><a href=\"https:\/\/joutsiniemi.fi\/en\/vuonna-2023-kertyneet-sivuston-kayttomaksut\/\" class=\"btn btn-primary\" title=\"(suomi) Vuonna 2023 kertyneet sivuston k\u00e4ytt\u00f6maksut\">Read more<\/a><div class=\"clear\"><\/div><\/li><!-- .entry (end) --><li class=\"recent-posts_li post-5930 post type-post status-publish format-standard hentry category-uutiset cat-33-id  list-item-1 clearfix\"><h5><a href=\"https:\/\/joutsiniemi.fi\/en\/jouko-sipila-kavi-katsomassa-antero-aakkulan-entista-kotia-coloradossa\/\" title=\"(suomi) Jouko Sipil\u00e4 k\u00e4vi katsomassa Antero Aakkulan entist\u00e4 kotia Coloradossa\">(suomi) Jouko Sipil\u00e4 k\u00e4vi katsomassa Antero Aakkulan entist\u00e4 kotia Coloradossa<\/a><\/h5><span class=\"meta\"><span class=\"post-date\">Sunday September 25th, 2022<\/span><span class=\"post-comments\"><a href=\"https:\/\/joutsiniemi.fi\/en\/jouko-sipila-kavi-katsomassa-antero-aakkulan-entista-kotia-coloradossa\/#comments\">9<\/a><\/span><\/span><div class=\"excerpt\">Sorry, this entry is only available in suomi.<\/div><a href=\"https:\/\/joutsiniemi.fi\/en\/jouko-sipila-kavi-katsomassa-antero-aakkulan-entista-kotia-coloradossa\/\" class=\"btn btn-primary\" title=\"(suomi) Jouko Sipil\u00e4 k\u00e4vi katsomassa Antero Aakkulan entist\u00e4 kotia Coloradossa\">Read more<\/a><div class=\"clear\"><\/div><\/li><!-- .entry (end) --><li class=\"recent-posts_li post-5928 post type-post status-publish format-standard hentry category-uutiset cat-33-id  list-item-2 clearfix\"><h5><a href=\"https:\/\/joutsiniemi.fi\/en\/marko-sipila-suomen-maajoukkueessa-baseballissa\/\" title=\"(suomi) Marko Sipil\u00e4 Suomen maajoukkueessa baseballissa\">(suomi) Marko Sipil\u00e4 Suomen maajoukkueessa baseballissa<\/a><\/h5><span class=\"meta\"><span class=\"post-date\">Sunday September 25th, 2022<\/span><span class=\"post-comments\"><a href=\"https:\/\/joutsiniemi.fi\/en\/marko-sipila-suomen-maajoukkueessa-baseballissa\/#comments\">18<\/a><\/span><\/span><div class=\"excerpt\">Sorry, this entry is only available in suomi.<\/div><a href=\"https:\/\/joutsiniemi.fi\/en\/marko-sipila-suomen-maajoukkueessa-baseballissa\/\" class=\"btn btn-primary\" title=\"(suomi) Marko Sipil\u00e4 Suomen maajoukkueessa baseballissa\">Read more<\/a><div class=\"clear\"><\/div><\/li><!-- .entry (end) --><li class=\"recent-posts_li post-5892 post type-post status-publish format-standard hentry category-uutiset cat-33-id  list-item-3 clearfix\"><h5><a href=\"https:\/\/joutsiniemi.fi\/en\/lisaa-v-2022-kayttomaksun-suorituksia-paivitetty-maksuraportti\/\" title=\"(suomi) Lis\u00e4\u00e4 v.2022 k\u00e4ytt\u00f6maksun suorituksia, p\u00e4ivitetty maksuraportti ohessa\">(suomi) Lis\u00e4\u00e4 v.2022 k\u00e4ytt\u00f6maksun suorituksia, p\u00e4ivitetty maksuraportti ohessa<\/a><\/h5><span class=\"meta\"><span class=\"post-date\">Wednesday September 14th, 2022<\/span><span class=\"post-comments\"><a href=\"https:\/\/joutsiniemi.fi\/en\/lisaa-v-2022-kayttomaksun-suorituksia-paivitetty-maksuraportti\/#comments\">21<\/a><\/span><\/span><div class=\"excerpt\">Sorry, this entry is only available in suomi.<\/div><a href=\"https:\/\/joutsiniemi.fi\/en\/lisaa-v-2022-kayttomaksun-suorituksia-paivitetty-maksuraportti\/\" class=\"btn btn-primary\" title=\"(suomi) Lis\u00e4\u00e4 v.2022 k\u00e4ytt\u00f6maksun suorituksia, p\u00e4ivitetty maksuraportti ohessa\">Read more<\/a><div class=\"clear\"><\/div><\/li><!-- .entry (end) --><li class=\"recent-posts_li post-5869 post type-post status-publish format-standard hentry category-uutiset cat-33-id  list-item-4 clearfix\"><h5><a href=\"https:\/\/joutsiniemi.fi\/en\/sivuston-v-2022-kayttomaksujen-tilanne\/\" title=\"(suomi) Sivuston v.2022 k\u00e4ytt\u00f6maksujen tilanne\">(suomi) Sivuston v.2022 k\u00e4ytt\u00f6maksujen tilanne<\/a><\/h5><span class=\"meta\"><span class=\"post-date\">Monday August 29th, 2022<\/span><span class=\"post-comments\"><a href=\"https:\/\/joutsiniemi.fi\/en\/sivuston-v-2022-kayttomaksujen-tilanne\/#comments\">25<\/a><\/span><\/span><div class=\"excerpt\">Sorry, this entry is only available in suomi.<\/div><a href=\"https:\/\/joutsiniemi.fi\/en\/sivuston-v-2022-kayttomaksujen-tilanne\/\" class=\"btn btn-primary\" title=\"(suomi) Sivuston v.2022 k\u00e4ytt\u00f6maksujen tilanne\">Read more<\/a><div class=\"clear\"><\/div><\/li><!-- .entry (end) --><\/ul><!-- .recent-posts (end) -->\n<a href=\"\/en\/category\/uutiset\/\" title=\"More news\" class=\"btn btn-default btn-normal btn-inline \" target=\"_self\">More news<\/a><!-- .btn -->\n<div class=\"spacer\"><\/div><!-- .spacer (end) --><\/div>\n<\/div><!-- .row (end) -->","protected":false},"excerpt":{"rendered":"","protected":false},"author":2,"featured_media":0,"parent":0,"menu_order":0,"comment_status":"open","ping_status":"closed","template":"page-home.php","meta":{"footnotes":""},"class_list":["post-203","page","type-page","status-publish","hentry","cat-33-id"],"_links":{"self":[{"href":"https:\/\/joutsiniemi.fi\/en\/wp-json\/wp\/v2\/pages\/203","targetHints":{"allow":["GET"]}}],"collection":[{"href":"https:\/\/joutsiniemi.fi\/en\/wp-json\/wp\/v2\/pages"}],"about":[{"href":"https:\/\/joutsiniemi.fi\/en\/wp-json\/wp\/v2\/types\/page"}],"author":[{"embeddable":true,"href":"https:\/\/joutsiniemi.fi\/en\/wp-json\/wp\/v2\/users\/2"}],"replies":[{"embeddable":true,"href":"https:\/\/joutsiniemi.fi\/en\/wp-json\/wp\/v2\/comments?post=203"}],"version-history":[{"count":68,"href":"https:\/\/joutsiniemi.fi\/en\/wp-json\/wp\/v2\/pages\/203\/revisions"}],"predecessor-version":[{"id":4836,"href":"https:\/\/joutsiniemi.fi\/en\/wp-json\/wp\/v2\/pages\/203\/revisions\/4836"}],"wp:attachment":[{"href":"https:\/\/joutsiniemi.fi\/en\/wp-json\/wp\/v2\/media?parent=203"}],"curies":[{"name":"wp","href":"https:\/\/api.w.org\/{rel}","templated":true}]}}