{"id":3423,"date":"2013-09-02T20:11:50","date_gmt":"2013-09-02T17:11:50","guid":{"rendered":"https:\/\/joutsiniemi.fi\/?page_id=3423"},"modified":"2020-03-13T15:23:51","modified_gmt":"2020-03-13T13:23:51","slug":"myllyla-elina-anniina","status":"publish","type":"page","link":"https:\/\/joutsiniemi.fi\/en\/sukukirja\/joutsiniemi-simo\/joutsiniemi-johan-adolf\/myllyla-o-s-joutsiniemi-auli\/myllyla-matti-ilkka-johannes\/myllyla-harri-tapani\/myllyla-elina-anniina\/","title":{"rendered":"MYLLYL\u00c4 Elina Anniina Viivi"},"content":{"rendered":"\n<div class=\"wp-block-image\"><figure class=\"alignright is-resized\"><img loading=\"lazy\" decoding=\"async\" src=\"https:\/\/joutsiniemi.fi\/wp-content\/uploads\/2013\/09\/3-1024x1024.jpg\" alt=\"\" class=\"wp-image-5046\" width=\"252\" height=\"252\" srcset=\"https:\/\/joutsiniemi.fi\/wp-content\/uploads\/2013\/09\/3-1024x1024.jpg 1024w, https:\/\/joutsiniemi.fi\/wp-content\/uploads\/2013\/09\/3-150x150.jpg 150w, https:\/\/joutsiniemi.fi\/wp-content\/uploads\/2013\/09\/3-300x300.jpg 300w, https:\/\/joutsiniemi.fi\/wp-content\/uploads\/2013\/09\/3-768x768.jpg 768w, https:\/\/joutsiniemi.fi\/wp-content\/uploads\/2013\/09\/3.jpg 1500w\" sizes=\"auto, (max-width: 252px) 100vw, 252px\" \/><\/figure><\/div>\n\n\n\n<p>Olen syntynyt Hyvink\u00e4\u00e4ll\u00e4 ja k\u00e4ynyt koulut H\u00e4meenlinnassa ja Tampereella. 2010 valmistuin ylioppilaaksi Tampereen Yhteiskoulun lukiosta. Seuraavat pari vuotta opiskelin valokuvausta Voionmaan opistossa Yl\u00f6j\u00e4rvell\u00e4 ja Noviassa Pietarsaaressa. Vuonna 2012 muutin Helsinkiin ja aloitin englantilaisen filologian opiskelijana Helsingin yliopistossa. Valmistuin humanististen tieteiden kandidaatiksi kev\u00e4\u00e4ll\u00e4 2017 ja filosofian maisteriksi kes\u00e4ll\u00e4 2019. Teen t\u00f6it\u00e4 p\u00e4\u00e4asiassa viestint\u00e4alalla. <br><\/p>\n\n\n\n<p>Olen asunut Helsingin Katajanokalla 2014 l\u00e4htien. Harrastan pianonsoittoa ja olen innokas joogi.<\/p>\n","protected":false},"excerpt":{"rendered":"<p>Olen syntynyt Hyvink\u00e4\u00e4ll\u00e4 ja k\u00e4ynyt koulut H\u00e4meenlinnassa ja Tampereella. 2010 valmistuin ylioppilaaksi Tampereen Yhteiskoulun lukiosta. Seuraavat pari vuotta opiskelin valokuvausta Voionmaan opistossa Yl\u00f6j\u00e4rvell\u00e4 ja Noviassa Pietarsaaressa. Vuonna 2012 muutin Helsinkiin ja aloitin englantilaisen filologian opiskelijana Helsingin yliopistossa. Valmistuin humanististen tieteiden kandidaatiksi kev\u00e4\u00e4ll\u00e4 2017 ja filosofian maisteriksi kes\u00e4ll\u00e4 2019. Teen t\u00f6it\u00e4 p\u00e4\u00e4asiassa viestint\u00e4alalla. Olen asunut Helsingin Katajanokalla 2014 l\u00e4htien. Harrastan pianonsoittoa&nbsp;<a href=\"https:\/\/joutsiniemi.fi\/en\/sukukirja\/joutsiniemi-simo\/joutsiniemi-johan-adolf\/myllyla-o-s-joutsiniemi-auli\/myllyla-matti-ilkka-johannes\/myllyla-harri-tapani\/myllyla-elina-anniina\/\" class=\"read-more\">Continue Reading<\/a><\/p>\n","protected":false},"author":37,"featured_media":0,"parent":2625,"menu_order":1,"comment_status":"open","ping_status":"open","template":"page-familymember.php","meta":{"footnotes":""},"class_list":["post-3423","page","type-page","status-publish","hentry"],"_links":{"self":[{"href":"https:\/\/joutsiniemi.fi\/en\/wp-json\/wp\/v2\/pages\/3423","targetHints":{"allow":["GET"]}}],"collection":[{"href":"https:\/\/joutsiniemi.fi\/en\/wp-json\/wp\/v2\/pages"}],"about":[{"href":"https:\/\/joutsiniemi.fi\/en\/wp-json\/wp\/v2\/types\/page"}],"author":[{"embeddable":true,"href":"https:\/\/joutsiniemi.fi\/en\/wp-json\/wp\/v2\/users\/37"}],"replies":[{"embeddable":true,"href":"https:\/\/joutsiniemi.fi\/en\/wp-json\/wp\/v2\/comments?post=3423"}],"version-history":[{"count":19,"href":"https:\/\/joutsiniemi.fi\/en\/wp-json\/wp\/v2\/pages\/3423\/revisions"}],"predecessor-version":[{"id":5586,"href":"https:\/\/joutsiniemi.fi\/en\/wp-json\/wp\/v2\/pages\/3423\/revisions\/5586"}],"up":[{"embeddable":true,"href":"https:\/\/joutsiniemi.fi\/en\/wp-json\/wp\/v2\/pages\/2625"}],"wp:attachment":[{"href":"https:\/\/joutsiniemi.fi\/en\/wp-json\/wp\/v2\/media?parent=3423"}],"curies":[{"name":"wp","href":"https:\/\/api.w.org\/{rel}","templated":true}]}}